{"id":33909,"date":"2021-04-17T11:27:07","date_gmt":"2021-04-17T09:27:07","guid":{"rendered":"https:\/\/lanaspital.si\/pravila-o-kolacicima-i-zastita-osobnih-podataka\/"},"modified":"2025-05-10T12:21:40","modified_gmt":"2025-05-10T10:21:40","slug":"pravila-o-kolacicima-i-zastita-osobnih-podataka","status":"publish","type":"page","link":"https:\/\/lanaspital.si\/hr\/pravila-o-kolacicima-i-zastita-osobnih-podataka\/","title":{"rendered":"Pravila o kola\u010di\u0107ima i za\u0161tita osobnih podataka"},"content":{"rendered":"<p>[vc_row][vc_column][vc_column_text]<\/p>\n<div class=\"vc_row wpb_row vc_row-fluid pd-100 dt-default\">\n<div class=\"wpb_column vc_column_container vc_col-sm-12 vc_hidden-xs\">\n<div class=\"vc_column-inner\">\n<div class=\"wpb_wrapper\">\n<div id=\"ultimate-heading-7849607aa7e5ed82e\" class=\"uvc-heading ult-adjust-bottom-margin ultimate-heading-7849607aa7e5ed82e uvc-835 glavni\" data-hspacer=\"no_spacer\" data-halign=\"left\">\n<div class=\"uvc-main-heading ult-responsive\" data-ultimate-target=\".uvc-heading.ultimate-heading-7849607aa7e5ed82e h1\" data-responsive-json-new=\"{&quot;font-size&quot;:&quot;desktop:27px;&quot;,&quot;line-height&quot;:&quot;&quot;}\">\n<h1>Kaj so pi\u0161kotki?<\/h1>\n<\/div>\n<\/div>\n<\/div>\n<\/div>\n<\/div>\n<\/div>\n<div class=\"vc_row wpb_row vc_row-fluid ult-vc-hide-row vc_row-has-fill\" data-vc-full-width=\"true\" data-vc-full-width-init=\"true\" data-rtl=\"false\" data-row-effect-mobile-disable=\"true\">\n<div class=\"upb_row_bg\" data-bg-override=\"0\"><\/div>\n<div class=\"pd-100 wpb_column vc_column_container vc_col-sm-12\">\n<div class=\"vc_column-inner\">\n<div class=\"wpb_wrapper\">\n<div class=\"wpb_text_column wpb_content_element \">\n<div class=\"wpb_wrapper\">\n<p>Pi\u0161kotki so majhne datoteke, ki jih spletna stran shrani na ra\u010dunalnik uporabnika. Z pomo\u010djo pi\u0161kotkov omogo\u010dimo, da stran deluje pravilno in uporabniku bolj prijazno. Pi\u0161kotki ne vsebujejo osebnih ali kakr\u0161nih koli drugih podatkov s katero bi bilo mogo\u010de opraviti identifikacijo uporabnika.<\/p>\n<\/div>\n<\/div>\n<\/div>\n<\/div>\n<\/div>\n<\/div>\n<div class=\"vc_row-full-width vc_clearfix\"><\/div>\n<div class=\"vc_row wpb_row vc_row-fluid pd-100 dt-default\">\n<div class=\"wpb_column vc_column_container vc_col-sm-12 vc_hidden-xs\">\n<div class=\"vc_column-inner\">\n<div class=\"wpb_wrapper\">\n<div class=\"vc_empty_space mdn\"><\/div>\n<div id=\"ultimate-heading-7515607aa7e5f211f\" class=\"uvc-heading ult-adjust-bottom-margin ultimate-heading-7515607aa7e5f211f uvc-2047 glavni\" data-hspacer=\"no_spacer\" data-halign=\"left\">\n<div class=\"uvc-heading-spacer no_spacer\"><\/div>\n<div class=\"uvc-main-heading ult-responsive\" data-ultimate-target=\".uvc-heading.ultimate-heading-7515607aa7e5f211f h1\" data-responsive-json-new=\"{&quot;font-size&quot;:&quot;desktop:27px;&quot;,&quot;line-height&quot;:&quot;&quot;}\">\n<h1>Zakaj uporabljamo pi\u0161kotke?<\/h1>\n<\/div>\n<\/div>\n<\/div>\n<\/div>\n<\/div>\n<\/div>\n<div class=\"vc_row wpb_row vc_row-fluid pd-100 dt-default\"><\/div>\n<div class=\"vc_row wpb_row vc_row-fluid ult-vc-hide-row vc_row-has-fill\" data-vc-full-width=\"true\" data-vc-full-width-init=\"true\" data-rtl=\"false\" data-row-effect-mobile-disable=\"true\">\n<div class=\"pd-100 wpb_column vc_column_container vc_col-sm-12\">\n<div class=\"vc_column-inner\">\n<div class=\"wpb_wrapper\">\n<div class=\"wpb_text_column wpb_content_element \">\n<div class=\"wpb_wrapper\">\n<p>Pi\u0161kotki so razli\u010dne narave in shranjujejo razli\u010dne podatke, ki omogo\u010dijo spletnim stranem natan\u010dnej\u0161i prikaz podatkov za uporabnika in optimalen prikaz spletne strani.<\/p>\n<\/div>\n<\/div>\n<\/div>\n<\/div>\n<\/div>\n<\/div>\n<div class=\"vc_row-full-width vc_clearfix\"><\/div>\n<div class=\"vc_row wpb_row vc_row-fluid pd-100 dt-default\">\n<div class=\"wpb_column vc_column_container vc_col-sm-12 vc_hidden-xs\">\n<div class=\"vc_column-inner\">\n<div class=\"wpb_wrapper\">\n<div id=\"ultimate-heading-5376607aa7e600d6f\" class=\"uvc-heading ult-adjust-bottom-margin ultimate-heading-5376607aa7e600d6f uvc-4211 glavni\" data-hspacer=\"no_spacer\" data-halign=\"left\">\n<div class=\"uvc-heading-spacer no_spacer\"><\/div>\n<div class=\"uvc-main-heading ult-responsive\" data-ultimate-target=\".uvc-heading.ultimate-heading-5376607aa7e600d6f h1\" data-responsive-json-new=\"{&quot;font-size&quot;:&quot;desktop:27px;&quot;,&quot;line-height&quot;:&quot;&quot;}\">\n<h1>Katere pi\u0161kotke uporabljamo na lanaspital.si?<\/h1>\n<\/div>\n<\/div>\n<div class=\"vc_empty_space mdn\"><\/div>\n<\/div>\n<\/div>\n<\/div>\n<\/div>\n<div class=\"vc_row wpb_row vc_row-fluid ovx ult-vc-hide-row vc_row-has-fill\" data-vc-full-width=\"true\" data-vc-full-width-init=\"true\" data-rtl=\"false\" data-row-effect-mobile-disable=\"true\">\n<div class=\"upb_row_bg\" data-bg-override=\"0\"><\/div>\n<div class=\"pd-100 wpb_column vc_column_container vc_col-sm-12\">\n<div class=\"vc_column-inner\">\n<div class=\"wpb_wrapper\">\n<div class=\"wpb_text_column wpb_content_element \">\n<div class=\"wpb_wrapper\">\n<table class=\"piskotki\">\n<tbody>\n<tr class=\"tabela-naslov\">\n<td>Ime<\/td>\n<td>Namen<\/td>\n<td>\u010cas shranjevanja<\/td>\n<td>Izdajatelj<\/td>\n<\/tr>\n<tr>\n<td>mphb_session<\/td>\n<td>Uporablja se za shranjevanje podatkov o seji uporabnika.<\/td>\n<td>1 dan<\/td>\n<td>Tadej Oremu\u017e s.p.<\/td>\n<\/tr>\n<tr>\n<td>asp_transient_id<\/td>\n<td>Uporablja se za shranjevanje podatkov o seji uporabnika. Ve\u010dinoma se nastavi kot odziv ob izpolnjenih obrazcih za povpra\u0161evanje.<\/td>\n<td>Seja<\/td>\n<td>Tadej Oremu\u017e s.p.<\/td>\n<\/tr>\n<tr>\n<td>_gid<\/td>\n<td>Nastavi unikaten ID za generiranje statisti\u010dnih podatkov o uporabi spletne strani<\/td>\n<td>2 dni<\/td>\n<td>Google inc.<\/td>\n<\/tr>\n<tr>\n<td>_ga<\/td>\n<td>Nastavi unikaten ID za generiranje statisti\u010dnih podatkov o uporabi spletne strani<\/td>\n<td>2 leti<\/td>\n<td>Google inc.<\/td>\n<\/tr>\n<tr>\n<td>_gat_gtag_UA<\/td>\n<td>Omogo\u010da uporabo univerzalne kode za sledenje gtag<\/td>\n<td>1 dan<\/td>\n<td>Google inc.<\/td>\n<\/tr>\n<tr>\n<td>cookie_notice<\/td>\n<td>True ali false glede na izbiro uporabe pi\u0161kotkov<\/td>\n<td>1 leto<\/td>\n<td>Tadej Oremu\u017e s.p.<\/td>\n<\/tr>\n<\/tbody>\n<\/table>\n<\/div>\n<\/div>\n<\/div>\n<\/div>\n<\/div>\n<\/div>\n<div class=\"vc_row-full-width vc_clearfix\"><\/div>\n<div class=\"vc_row wpb_row vc_row-fluid pd-100 dt-default\">\n<div class=\"wpb_column vc_column_container vc_col-sm-12\">\n<div class=\"vc_column-inner\">\n<div class=\"wpb_wrapper\">\n<div class=\"wpb_text_column wpb_content_element \">\n<div class=\"wpb_wrapper\">\n<h2>Onemogo\u010danje pi\u0161kotkov<\/h2>\n<p>Uporabnik se lahko sam odlo\u010di, ali bo pi\u0161kotke uporabljal ali ne. Nastavitve za uporabo pi\u0161kotkov lahko nadzirate in spreminjate v svojem spletnem brskalniku.<\/p>\n<\/div>\n<\/div>\n<\/div>\n<\/div>\n<\/div>\n<\/div>\n<p>[\/vc_column_text][vc_column_text]<\/p>\n<h1><\/h1>\n<h1>Varovanje osebnih podatkov<\/h1>\n<p>&nbsp;<\/p>\n<p>Osebni podatki na\u0161ih uporabnikov so eno izmed podro\u010dij, kateremu posve\u010dam izredno skrb in pozornost.<\/p>\n<p>Upravitelj spletne strani je Lana \u0160pital, Lana \u0160pital s.p., osebne podatke uporabnikov obdelujemo za slede\u010de namene:<\/p>\n<ul>\n<li>Za ugotavljanje \u0161tevila obiskovalcev in izbolj\u0161evanje na\u0161ih storitev<\/li>\n<li>Da lahko stopimo v stik z potencialnimi kupci<\/li>\n<li>Za namene tr\u017eenja<\/li>\n<\/ul>\n<p>&nbsp;<\/p>\n<h2>Katere podatke zbiramo?<\/h2>\n<p>Zbiramo podatke o zbranih povpra\u0161evanjih, ki zajemajo: ime, zadevo, e-po\u0161tni naslov in sporo\u010dilo. Prav tako zbiramo podatke za posredovanje ponudb, v tem primeru zbiramo e-po\u0161tne naslove.<\/p>\n<p>&nbsp;<\/p>\n<p>Upravitelj podatkov je: Lana \u0160pital s.p., \u0160ale\u0161ka 2d, 3320 Velenje<\/p>\n<h2>Pravica do izbrisa<\/h2>\n<p>V nekaterih primerih imate pravico do izbrisa va\u0161ih osebnih podatkov. Va\u0161e osebne podatke bomo v najkraj\u0161em mo\u017enem \u010dasu izbrisali v primeru enega izmed naslednjih razlogov:<\/p>\n<ul>\n<li>va\u0161ih osebnih podatkov ne potrebujemo ve\u010d<\/li>\n<li>umaknili ste soglasje z obdelavo osebnih podatkov<\/li>\n<li>uveljavili ste svojo pravico do ugovora proti obdelavi podatkov<\/li>\n<\/ul>\n<p>Izbris podatkov lahko zahtevate po elektronski po\u0161ti na\u00a0info@lanaspital.si[\/vc_column_text][\/vc_column][\/vc_row]<\/p>\n","protected":false},"excerpt":{"rendered":"<p>[vc_row][vc_column][vc_column_text] Kaj so pi\u0161kotki? Pi\u0161kotki so majhne datoteke, ki jih spletna stran shrani na ra\u010dunalnik uporabnika. Z pomo\u010djo pi\u0161kotkov omogo\u010dimo, da stran deluje pravilno in uporabniku bolj prijazno. Pi\u0161kotki ne vsebujejo osebnih ali kakr\u0161nih koli drugih podatkov s katero bi bilo mogo\u010de opraviti identifikacijo uporabnika. Zakaj uporabljamo pi\u0161kotke? Pi\u0161kotki so razli\u010dne narave in shranjujejo razli\u010dne&hellip;<\/p>\n","protected":false},"author":1,"featured_media":0,"parent":0,"menu_order":0,"comment_status":"closed","ping_status":"closed","template":"","meta":{"footnotes":""},"class_list":["post-33909","page","type-page","status-publish","hentry","description-off"],"_links":{"self":[{"href":"https:\/\/lanaspital.si\/hr\/wp-json\/wp\/v2\/pages\/33909","targetHints":{"allow":["GET"]}}],"collection":[{"href":"https:\/\/lanaspital.si\/hr\/wp-json\/wp\/v2\/pages"}],"about":[{"href":"https:\/\/lanaspital.si\/hr\/wp-json\/wp\/v2\/types\/page"}],"author":[{"embeddable":true,"href":"https:\/\/lanaspital.si\/hr\/wp-json\/wp\/v2\/users\/1"}],"replies":[{"embeddable":true,"href":"https:\/\/lanaspital.si\/hr\/wp-json\/wp\/v2\/comments?post=33909"}],"version-history":[{"count":1,"href":"https:\/\/lanaspital.si\/hr\/wp-json\/wp\/v2\/pages\/33909\/revisions"}],"predecessor-version":[{"id":33912,"href":"https:\/\/lanaspital.si\/hr\/wp-json\/wp\/v2\/pages\/33909\/revisions\/33912"}],"wp:attachment":[{"href":"https:\/\/lanaspital.si\/hr\/wp-json\/wp\/v2\/media?parent=33909"}],"curies":[{"name":"wp","href":"https:\/\/api.w.org\/{rel}","templated":true}]}}