{"id":33924,"date":"2021-04-18T22:02:46","date_gmt":"2021-04-18T20:02:46","guid":{"rendered":"https:\/\/lanaspital.si\/uvjeti-i-odredbe\/"},"modified":"2025-05-23T08:04:53","modified_gmt":"2025-05-23T06:04:53","slug":"uvjeti-i-odredbe","status":"publish","type":"page","link":"https:\/\/lanaspital.si\/hr\/uvjeti-i-odredbe\/","title":{"rendered":"Uvjeti i odredbe"},"content":{"rendered":"\t\t<div data-elementor-type=\"wp-page\" data-elementor-id=\"33924\" class=\"elementor elementor-33924 elementor-4117\">\n\t\t\t\t\t\t<section class=\"elementor-section elementor-top-section elementor-element elementor-element-dcd4084 elementor-section-boxed elementor-section-height-default elementor-section-height-default\" data-id=\"dcd4084\" data-element_type=\"section\" data-e-type=\"section\">\n\t\t\t\t\t\t<div class=\"elementor-container elementor-column-gap-default\">\n\t\t\t\t\t<div class=\"elementor-column elementor-col-100 elementor-top-column elementor-element elementor-element-3d5575d\" data-id=\"3d5575d\" data-element_type=\"column\" data-e-type=\"column\">\n\t\t\t<div class=\"elementor-widget-wrap elementor-element-populated\">\n\t\t\t\t\t\t<div class=\"elementor-element elementor-element-077cdbc elementor-widget elementor-widget-text-editor\" data-id=\"077cdbc\" data-element_type=\"widget\" data-e-type=\"widget\" data-widget_type=\"text-editor.default\">\n\t\t\t\t<div class=\"elementor-widget-container\">\n\t\t\t\t\t\t\t\t\t<p>Op\u0107i uvjeti poslovanja sastavljeni su u skladu s va\u017ee\u0107im Zakonom o za\u0161titi potro\u0161a\u010da (ZVPot), Zakonom o elektroni\u010dkoj trgovini (ZEPT) i preporukama Gospodarske komore Slovenije.<\/p><p><strong>Podaci o tvrtki:<\/strong><\/p><p>Naziv tvrtke: Lana \u0160pital sp<\/p><p>Sjedi\u0161te dru\u0161tva: \u0160ale\u0161ka cesta 2d, 3320 Velenje<\/p><p>TRR: SI56 6000 0000 1158 445 (otvoreno u LON-u)<\/p><p>E-po\u0161ta: info@lanaspital.si<\/p><p>Web stranica: www.lanaspital.si<\/p><p><strong>1. Op\u0107enito<\/strong><br> Kupac narud\u017ebom potvr\u0111uje da je upoznat s op\u0107im uvjetima poslovanja i da se s njima sla\u017ee.<\/p><p><strong>2. Vrste korisnika<\/strong><br> Registracijom na web stranici www.lanaspital.si posjetitelj postaje \u010dlan platforme te dobiva korisni\u010dko ime i lozinku. Registrirani \u010dlanovi imaju pravo kupnje u internetskoj trgovini. <\/p><p>Korisnik mo\u017ee ure\u0111ivati \u200b\u200bsvoje podatke u bilo kojem trenutku putem svog korisni\u010dkog profila.<\/p><p><strong>3. Pristupa\u010dnost informacija<\/strong><br> Tvrtka Lana \u0160pital sp obvezuje se da \u0107e kupcu uvijek pru\u017eiti sljede\u0107e informacije:<\/p><p>korporativni identitet,<\/p><p>kontaktni podaci za brzu komunikaciju,<\/p><p>bitne karakteristike proizvoda ili usluga,<\/p><p>dostupnost proizvoda,<\/p><p>uvjeti isporuke proizvoda (na\u010din, mjesto i rok),<\/p><p>jasno i nedvosmisleno navedene cijene (s uklju\u010denim porezima i tro\u0161kovima dostave),<\/p><p>na\u010din pla\u0107anja i dostave,<\/p><p>rok va\u017eenja ponude,<\/p><p>uvjeti i rokovi za raskid ugovora,<\/p><p>postupak \u017ealbe.<\/p><p><strong>4. Ponuda proizvoda i cijene<\/strong><br> Cijene su va\u017ee\u0107e u trenutku narud\u017ebe. PDV se ne obra\u010dunava na temelju stavka 1. \u010dlanka 94. ZDDV-1.<br> Sve ponude vrijede do isteka zaliha ili do datuma koji je izri\u010dito naveden.   <\/p><p><strong>5. Postupak narud\u017ebe i kupnje<\/strong><br> Postupak naru\u010divanja:<\/p><p>Odabir artikla: Korisnik odabire proizvod i koli\u010dinu. Prije dovr\u0161etka narud\u017ebe, mo\u017eete provjeriti, promijeniti ili izbrisati proizvode iz ko\u0161arice. <\/p><p>Narud\u017eba: Kupac naru\u010duje i prima potvrdu o prihva\u0107anju narud\u017ebe na svoju adresu e-po\u0161te.<\/p><p>Potvrda narud\u017ebe: Pru\u017eatelj usluge pregledava narud\u017ebu, provjerava dostupnost te je potvr\u0111uje ili odbija uz obja\u0161njenje.<\/p><p>Dostava robe: Robu \u0161aljemo u roku od 2-5 radnih dana od potvrde narud\u017ebe. Kupac je obavije\u0161ten o statusu. <\/p><p>Pru\u017eatelj usluga ne odgovara za ka\u0161njenja uzrokovana vi\u0161om silom.<\/p><p><strong>6. Na\u010dini pla\u0107anja<\/strong><br> Nudimo sljede\u0107e na\u010dine pla\u0107anja:<\/p><p>prema predra\u010dunu (UPN nalogu),<\/p><p>s platnim ili kreditnim karticama (Mastercard, Visa, BA Maestro),<\/p><p>putem PayPal sustava.<\/p><p><strong>7. Promotivni kodovi<\/strong><br> Promotivni kodovi donose razne pogodnosti i vremenski su ograni\u010deni. Nakon isteka roka trajanja vi\u0161e se ne mogu koristiti. <\/p><p><strong>8. Pravo na odustanak od ugovora<\/strong><br> Potro\u0161a\u010d ima pravo u roku od 14 dana od primitka robe obavijestiti tvrtku (na adresu e-po\u0161te info@lanaspital.si) da odustaje od ugovora, bez navo\u0111enja razloga.<\/p><p>U slu\u010daju odustajanja od ugovora, kupac snosi tro\u0161kove vra\u0107anja robe. Povrat kupovne cijene bit \u0107e izvr\u0161en najkasnije u roku od 14 dana od primitka izjave o odustajanju od kupnje, ali povrat novca mo\u017eemo zadr\u017eati dok ne primimo vra\u0107enu robu. <\/p><p>Ako je tijekom kupnje iskori\u0161ten promotivni popust, u slu\u010daju odustajanja od kupnje uzet \u0107e se u obzir stvarno pla\u0107eni iznos.<\/p><p><strong>9. \u010cinjeni\u010dne pogre\u0161ke<\/strong><br> Kupac ima pravo reklamirati materijalni nedostatak u skladu s odredbama ZVPot-a. Materijalni nedostatak mo\u017eete reklamirati u roku od 2 godine od kupnje. Ako proizvod nema svojstva potrebna za njegovu normalnu upotrebu ili je isporu\u010deno ne\u0161to drugo, kupac mo\u017ee zahtijevati ispravak nedostatka, zamjenu proizvoda, povrat kupovne cijene ili smanjenje kupovne cijene.  <\/p><p>Kupac mora detaljno opisati gre\u0161ku u obavijesti poslanoj na info@lanaspital.si.<\/p><p><strong>10. Vrijeme isporuke<\/strong><br> Rokovi isporuke izra\u017eeni su u radnim danima (2-5 dana). U slu\u010daju izvanrednih okolnosti zadr\u017eavamo pravo produ\u017eiti rok isporuke, o \u010demu \u0107e kupac biti pravovremeno obavije\u0161ten. <\/p><p><strong>11. Dostava<\/strong><br> Dostavu vr\u0161i Slovenska po\u0161ta. Cijena dostave je 2,26 \u20ac. <\/p><p><strong>12. Za\u0161tita osobnih podataka<\/strong><br> Pru\u017eatelj usluga obvezuje se trajno \u0161tititi sve osobne podatke korisnika. Podaci se koriste isklju\u010divo za izvr\u0161enje narud\u017ebi, slanje obavijesti, ra\u010duna i potrebnu komunikaciju. <\/p><p>Korisnik je odgovoran za sigurnost svojih podataka za prijavu (korisni\u010dko ime i lozinka).<\/p><p><strong>13. Pravna obavijest<\/strong><br> Web-stranica www.lanaspital.si i svi podaci na njoj (tekst, grafika, fotografije, videozapisi) su za\u0161ti\u0107eni. Svako kopiranje, reprodukcija ili kori\u0161tenje bez pismenog dopu\u0161tenja je zabranjeno. <\/p><p><strong>14. Isklju\u010denje odgovornosti<\/strong><br> Pru\u017eatelj usluga zadr\u017eava pravo onemogu\u0107avanja pristupa web stranici zbog odr\u017eavanja ili tehni\u010dkih problema. U slu\u010daju tehni\u010dkih pogre\u0161aka, zadr\u017eavamo pravo otkazati narud\u017ebe na koje je pogre\u0161ka utjecala. <\/p><p data-start=\"463\" data-end=\"528\"><strong data-start=\"463\" data-end=\"528\">15. Pravo pru\u017eatelja usluga da odbije ili prekine suradnju<\/strong><\/p><p data-start=\"530\" data-end=\"662\">Pru\u017eatelj usluga zadr\u017eava pravo odbiti narud\u017ebu ili jednostrano prekinuti suradnju s korisnikom u bilo kojem trenutku u sljede\u0107im slu\u010dajevima:<\/p><ul data-start=\"664\" data-end=\"1030\"><li data-start=\"664\" data-end=\"719\"><p data-start=\"666\" data-end=\"719\">ako korisnik kr\u0161i uvjete poslovanja unato\u010d upozorenjima,<\/p><\/li><li data-start=\"720\" data-end=\"912\"><p data-start=\"722\" data-end=\"912\">ako pona\u0161anje, na\u010din komunikacije ili pona\u0161anje korisnika ometa pru\u017eanje usluga, uzrokuje nesrazmjeran teret ili djeluje suprotno vrijednostima i na\u010dinu rada pru\u017eatelja usluga,<\/p><\/li><li data-start=\"913\" data-end=\"1030\"><p data-start=\"915\" data-end=\"1030\">ako postoje opravdani razlozi za vjerovanje da bi sudjelovanje moglo uzrokovati poslovnu ili osobnu \u0161tetu pru\u017eatelju usluga.<\/p><\/li><\/ul><p data-start=\"753\" data-end=\"1025\">U slu\u010daju prekida suradnje, prema diskreciji pru\u017eatelja usluga, korisniku se mo\u017ee vratiti puna ili proporcionalna kupovna cijena, na temelju ve\u0107 pru\u017eenih usluga. Povrat novca bit \u0107e izvr\u0161en na isti na\u010din na koji je izvr\u0161ena uplata, najkasnije u roku od 14 dana od obavijesti o prekidu suradnje. <\/p>\t\t\t\t\t\t\t\t<\/div>\n\t\t\t\t<\/div>\n\t\t\t\t\t<\/div>\n\t\t<\/div>\n\t\t\t\t\t<\/div>\n\t\t<\/section>\n\t\t\t\t<section class=\"elementor-section elementor-top-section elementor-element elementor-element-a53729c elementor-section-boxed elementor-section-height-default elementor-section-height-default\" data-id=\"a53729c\" data-element_type=\"section\" data-e-type=\"section\">\n\t\t\t\t\t\t<div class=\"elementor-container elementor-column-gap-default\">\n\t\t\t\t\t<div class=\"elementor-column elementor-col-100 elementor-top-column elementor-element elementor-element-54b7958\" data-id=\"54b7958\" data-element_type=\"column\" data-e-type=\"column\">\n\t\t\t<div class=\"elementor-widget-wrap elementor-element-populated\">\n\t\t\t\t\t\t<div class=\"elementor-element elementor-element-9aa7b6d elementor-widget elementor-widget-text-editor\" data-id=\"9aa7b6d\" data-element_type=\"widget\" data-e-type=\"widget\" data-widget_type=\"text-editor.default\">\n\t\t\t\t<div class=\"elementor-widget-container\">\n\t\t\t\t\t\t\t\t\t<p>23. 05. 2025<\/p>\t\t\t\t\t\t\t\t<\/div>\n\t\t\t\t<\/div>\n\t\t\t\t\t<\/div>\n\t\t<\/div>\n\t\t\t\t\t<\/div>\n\t\t<\/section>\n\t\t\t\t<\/div>\n\t\t","protected":false},"excerpt":{"rendered":"<p>Op\u0107i uvjeti poslovanja sastavljeni su u skladu s va\u017ee\u0107im Zakonom o za\u0161titi potro\u0161a\u010da (ZVPot), Zakonom o elektroni\u010dkoj trgovini (ZEPT) i preporukama Gospodarske komore Slovenije. Podaci o tvrtki: Naziv tvrtke: Lana \u0160pital sp Sjedi\u0161te dru\u0161tva: \u0160ale\u0161ka cesta 2d, 3320 Velenje TRR: SI56 6000 0000 1158 445 (otvoreno u LON-u) E-po\u0161ta: info@lanaspital.si Web stranica: www.lanaspital.si 1. Op\u0107enito&hellip;<\/p>\n","protected":false},"author":2,"featured_media":0,"parent":0,"menu_order":0,"comment_status":"closed","ping_status":"closed","template":"","meta":{"footnotes":""},"class_list":["post-33924","page","type-page","status-publish","hentry"],"_links":{"self":[{"href":"https:\/\/lanaspital.si\/hr\/wp-json\/wp\/v2\/pages\/33924","targetHints":{"allow":["GET"]}}],"collection":[{"href":"https:\/\/lanaspital.si\/hr\/wp-json\/wp\/v2\/pages"}],"about":[{"href":"https:\/\/lanaspital.si\/hr\/wp-json\/wp\/v2\/types\/page"}],"author":[{"embeddable":true,"href":"https:\/\/lanaspital.si\/hr\/wp-json\/wp\/v2\/users\/2"}],"replies":[{"embeddable":true,"href":"https:\/\/lanaspital.si\/hr\/wp-json\/wp\/v2\/comments?post=33924"}],"version-history":[{"count":3,"href":"https:\/\/lanaspital.si\/hr\/wp-json\/wp\/v2\/pages\/33924\/revisions"}],"predecessor-version":[{"id":35185,"href":"https:\/\/lanaspital.si\/hr\/wp-json\/wp\/v2\/pages\/33924\/revisions\/35185"}],"wp:attachment":[{"href":"https:\/\/lanaspital.si\/hr\/wp-json\/wp\/v2\/media?parent=33924"}],"curies":[{"name":"wp","href":"https:\/\/api.w.org\/{rel}","templated":true}]}}