{"id":34588,"date":"2025-03-25T10:02:16","date_gmt":"2025-03-25T09:02:16","guid":{"rendered":"https:\/\/lanaspital.si\/product\/traka-za-lijepljenje-lica-njezno-ruzicasta\/"},"modified":"2025-03-25T10:02:16","modified_gmt":"2025-03-25T09:02:16","slug":"traka-za-lijepljenje-lica-njezno-ruzicasta","status":"publish","type":"product","link":"https:\/\/lanaspital.si\/hr\/product\/traka-za-lijepljenje-lica-njezno-ruzicasta\/","title":{"rendered":"Traka za lijepljenje lica nje\u017eno ru\u017ei\u010dasta"},"content":{"rendered":"","protected":false},"excerpt":{"rendered":"","protected":false},"featured_media":33843,"template":"","meta":[],"product_brand":[],"product_cat":[67],"product_tag":[],"class_list":{"0":"post-34588","1":"product","2":"type-product","3":"status-publish","4":"has-post-thumbnail","6":"product_cat-uncategorized-hr","7":"product_shipping_class-besplatna-dostava-za-online-tecajeve","8":"description-off","10":"first","11":"instock","12":"virtual","13":"purchasable","14":"product-type-simple"},"_links":{"self":[{"href":"https:\/\/lanaspital.si\/hr\/wp-json\/wp\/v2\/product\/34588","targetHints":{"allow":["GET"]}}],"collection":[{"href":"https:\/\/lanaspital.si\/hr\/wp-json\/wp\/v2\/product"}],"about":[{"href":"https:\/\/lanaspital.si\/hr\/wp-json\/wp\/v2\/types\/product"}],"wp:featuredmedia":[{"embeddable":true,"href":"https:\/\/lanaspital.si\/hr\/wp-json\/wp\/v2\/media\/33843"}],"wp:attachment":[{"href":"https:\/\/lanaspital.si\/hr\/wp-json\/wp\/v2\/media?parent=34588"}],"wp:term":[{"taxonomy":"product_brand","embeddable":true,"href":"https:\/\/lanaspital.si\/hr\/wp-json\/wp\/v2\/product_brand?post=34588"},{"taxonomy":"product_cat","embeddable":true,"href":"https:\/\/lanaspital.si\/hr\/wp-json\/wp\/v2\/product_cat?post=34588"},{"taxonomy":"product_tag","embeddable":true,"href":"https:\/\/lanaspital.si\/hr\/wp-json\/wp\/v2\/product_tag?post=34588"}],"curies":[{"name":"wp","href":"https:\/\/api.w.org\/{rel}","templated":true}]}}