{"id":34608,"date":"2022-11-22T17:10:20","date_gmt":"2022-11-22T16:10:20","guid":{"rendered":"https:\/\/lanaspital.si\/product\/online-tecaj-zbogom-pristicima\/"},"modified":"2022-11-22T17:10:20","modified_gmt":"2022-11-22T16:10:20","slug":"online-tecaj-zbogom-pristicima","status":"publish","type":"product","link":"https:\/\/lanaspital.si\/hr\/product\/online-tecaj-zbogom-pristicima\/","title":{"rendered":"Online te\u010daj: Zbogom pri\u0161ti\u0107ima"},"content":{"rendered":"","protected":false},"excerpt":{"rendered":"","protected":false},"featured_media":33033,"template":"","meta":[],"product_brand":[],"product_cat":[67],"product_tag":[],"class_list":{"0":"post-34608","1":"product","2":"type-product","3":"status-publish","4":"has-post-thumbnail","6":"product_cat-uncategorized-hr","7":"description-off","9":"first","10":"instock","11":"virtual","12":"purchasable","13":"product-type-simple"},"_links":{"self":[{"href":"https:\/\/lanaspital.si\/hr\/wp-json\/wp\/v2\/product\/34608","targetHints":{"allow":["GET"]}}],"collection":[{"href":"https:\/\/lanaspital.si\/hr\/wp-json\/wp\/v2\/product"}],"about":[{"href":"https:\/\/lanaspital.si\/hr\/wp-json\/wp\/v2\/types\/product"}],"wp:featuredmedia":[{"embeddable":true,"href":"https:\/\/lanaspital.si\/hr\/wp-json\/wp\/v2\/media\/33033"}],"wp:attachment":[{"href":"https:\/\/lanaspital.si\/hr\/wp-json\/wp\/v2\/media?parent=34608"}],"wp:term":[{"taxonomy":"product_brand","embeddable":true,"href":"https:\/\/lanaspital.si\/hr\/wp-json\/wp\/v2\/product_brand?post=34608"},{"taxonomy":"product_cat","embeddable":true,"href":"https:\/\/lanaspital.si\/hr\/wp-json\/wp\/v2\/product_cat?post=34608"},{"taxonomy":"product_tag","embeddable":true,"href":"https:\/\/lanaspital.si\/hr\/wp-json\/wp\/v2\/product_tag?post=34608"}],"curies":[{"name":"wp","href":"https:\/\/api.w.org\/{rel}","templated":true}]}}